{"id":6617,"date":"2025-10-02T00:00:37","date_gmt":"2025-10-02T00:00:37","guid":{"rendered":"https:\/\/coppermaneadvisory.com\/?page_id=6617"},"modified":"2025-10-02T00:43:16","modified_gmt":"2025-10-02T00:43:16","slug":"sebastien-leblond","status":"publish","type":"page","link":"https:\/\/coppermaneadvisory.com\/fr\/sebastien-leblond\/","title":{"rendered":"Sebastien Leblond"},"content":{"rendered":"<div id=\"expertise\"  data-column-margin=\"default\" data-midnight=\"light\" data-top-percent=\"9%\" data-bottom-percent=\"5%\"  class=\"wpb_row vc_row-fluid vc_row full-width-section vc_row-o-equal-height vc_row-flex vc_row-o-content-bottom parallax_section\"  style=\"padding-top: calc(100vw * 0.09); padding-bottom: calc(100vw * 0.05); \"><div class=\"row-bg-wrap\" data-bg-animation=\"fade-in\" data-bg-animation-delay=\"\" data-bg-overlay=\"false\"><div class=\"inner-wrap row-bg-layer\" style=\"background-color: #0f2432;\" ><div class=\"row-bg viewport-desktop using-bg-color\" data-parallax-speed=\"fixed\" style=\"background-color: #0f2432; \"><\/div><\/div><\/div><div class=\"row_col_wrap_12 col span_12 light left\">\n\t<div  class=\"vc_col-sm-12 wpb_column column_container vc_column_container col no-extra-padding inherit_tablet inherit_phone\"  data-padding-pos=\"all\" data-has-bg-color=\"false\" data-bg-color=\"\" data-bg-opacity=\"1\" data-animation=\"\" data-delay=\"0\" >\n\t\t<div class=\"vc_column-inner\" >\n\t\t\t<div class=\"wpb_wrapper\">\n\t\t\t\t<div id=\"fws_69e14e6a8e58a\" data-midnight=\"\" data-column-margin=\"default\" class=\"wpb_row vc_row-fluid vc_row inner_row\"  style=\"\"><div class=\"row-bg-wrap\"> <div class=\"row-bg\" ><\/div> <\/div><div class=\"row_col_wrap_12_inner col span_12  left\">\n\t<div  class=\"vc_col-sm-12 wpb_column column_container vc_column_container col child_column centered-text no-extra-padding inherit_tablet inherit_phone\"   data-padding-pos=\"all\" data-has-bg-color=\"false\" data-bg-color=\"\" data-bg-opacity=\"1\" data-animation=\"\" data-delay=\"0\" >\n\t\t<div class=\"vc_column-inner\" >\n\t\t<div class=\"wpb_wrapper\">\n\t\t\t<div class=\"nectar-split-heading  font_size_3vw\" data-align=\"center\" data-m-align=\"inherit\" data-text-effect=\"letter-reveal-bottom\" data-animation-type=\"line-reveal-by-space\" data-animation-delay=\"0\" data-animation-offset=\"\" data-m-rm-animation=\"\" data-stagger=\"true\" data-custom-font-size=\"true\" style=\"font-size: 3vw; line-height: 3.3vw;\"><h2 >Sebastien Leblond<\/h2><\/div><div class=\"divider-wrap\" data-alignment=\"default\"><div style=\"padding-top: 20px; padding-bottom: 20px;\"  class=\"divider-vertical nectar-bg-white\"><\/div><\/div><div class=\"nectar-split-heading\" data-align=\"center\" data-m-align=\"inherit\" data-text-effect=\"letter-reveal-bottom\" data-animation-type=\"line-reveal-by-space\" data-animation-delay=\"0\" data-animation-offset=\"\" data-m-rm-animation=\"\" data-stagger=\"true\" data-custom-font-size=\"false\" ><h4 >Avocat d'affaires, entrepreneur en r\u00e9sidence, conseil strat\u00e9gique et d\u00e9veloppement international (Montr\u00e9al, Canada et Abu Dhabi, \u00c9mirats arabes unis)<\/h4><\/div>\n\t\t<\/div> \n\t<\/div>\n\t<\/div> \n<\/div><\/div>\n\t\t\t<\/div> \n\t\t<\/div>\n\t<\/div> \n<\/div><\/div>\n\t\t<div id=\"fws_69e14e6a8eb91\"  data-column-margin=\"default\" data-midnight=\"dark\" data-top-percent=\"10%\" data-bottom-percent=\"10%\"  class=\"wpb_row vc_row-fluid vc_row full-width-section  reverse_columns_desktop\"  style=\"padding-top: calc(100vw * 0.10); padding-bottom: calc(100vw * 0.10); \"><div class=\"row-bg-wrap\" data-bg-animation=\"none\" data-bg-animation-delay=\"\" data-bg-overlay=\"false\"><div class=\"inner-wrap row-bg-layer\" ><div class=\"row-bg viewport-desktop\"  style=\"\"><\/div><\/div><\/div><div class=\"row_col_wrap_12 col span_12 dark left\">\n\t<div  class=\"vc_col-sm-6 wpb_column column_container vc_column_container col nectar-sticky-column-css--middle nectar-sticky-column-css no-extra-padding padding-5-percent_tablet inherit_phone\"  data-padding-pos=\"left-right\" data-has-bg-color=\"false\" data-bg-color=\"\" data-bg-opacity=\"1\" data-animation=\"\" data-delay=\"0\" >\n\t\t<div class=\"n-sticky\"><div class=\"vc_column-inner\" >\n\t\t\t<div class=\"wpb_wrapper\">\n\t\t\t\t<div class=\"img-with-aniamtion-wrap center\" data-max-width=\"100%\" data-max-width-mobile=\"default\" data-shadow=\"none\" data-animation=\"none\" >\n      <div class=\"inner\">\n        <div class=\"hover-wrap\"> \n          <div class=\"hover-wrap-inner\">\n            <img loading=\"lazy\" decoding=\"async\" class=\"img-with-animation skip-lazy\" data-delay=\"0\" height=\"1878\" width=\"1432\" data-animation=\"none\" src=\"https:\/\/coppermaneadvisory.com\/wp-content\/uploads\/2025\/08\/Sebastien-scaled-blackwhite-e1757335176974.jpg\" alt=\"\" srcset=\"https:\/\/coppermaneadvisory.com\/wp-content\/uploads\/2025\/08\/Sebastien-scaled-blackwhite-e1757335176974.jpg 1432w, https:\/\/coppermaneadvisory.com\/wp-content\/uploads\/2025\/08\/Sebastien-scaled-blackwhite-e1757335176974-229x300.jpg 229w, https:\/\/coppermaneadvisory.com\/wp-content\/uploads\/2025\/08\/Sebastien-scaled-blackwhite-e1757335176974-781x1024.jpg 781w, https:\/\/coppermaneadvisory.com\/wp-content\/uploads\/2025\/08\/Sebastien-scaled-blackwhite-e1757335176974-768x1007.jpg 768w, https:\/\/coppermaneadvisory.com\/wp-content\/uploads\/2025\/08\/Sebastien-scaled-blackwhite-e1757335176974-1171x1536.jpg 1171w\" sizes=\"auto, (max-width: 1432px) 100vw, 1432px\" \/>\n          <\/div>\n        <\/div>\n      <\/div>\n    <\/div>\n\t\t\t<\/div> \n\t\t<\/div><\/div>\n\t<\/div> \n\n\t<div  class=\"vc_col-sm-6 wpb_column column_container vc_column_container col no-extra-padding el_spacing_30px padding-5-percent_tablet inherit_phone\"  data-padding-pos=\"all\" data-has-bg-color=\"false\" data-bg-color=\"\" data-bg-opacity=\"1\" data-animation=\"\" data-delay=\"0\" >\n\t\t<div class=\"vc_column-inner\" >\n\t\t\t<div class=\"wpb_wrapper\">\n\t\t\t\t<p style=\"color: #000000;text-align: left\" class=\"vc_custom_heading vc_do_custom_heading vc_custom_1759365677154\" >S\u00e9bastien est un entrepreneur cr\u00e9atif et un avocat d'affaires qui s'est donn\u00e9 pour mission de d\u00e9velopper les \u00e9cosyst\u00e8mes commerciaux et leur gouvernance.<\/p>\n<p>S\u00e9bastien est PDG et fondateur de CopperMane Advisory Services (cabinet de conseil bas\u00e9 \u00e0 Montr\u00e9al, au Canada, sp\u00e9cialis\u00e9 dans les services de conseil aux cadres sup\u00e9rieurs et aux entrepreneurs en mati\u00e8re de croissance commerciale), associ\u00e9 fondateur et directeur ex\u00e9cutif de CopperMane Holdings LLC, une soci\u00e9t\u00e9 d'investissement situ\u00e9e \u00e0 Abu Dhabi, aux \u00c9mirats arabes unis, qui d\u00e9veloppe des \u00e9cosyst\u00e8mes et investit dans les domaines de la s\u00e9curit\u00e9 alimentaire, des sports et du divertissement, ainsi que du commerce. Il est \u00e9galement avocat-conseil et conseiller strat\u00e9gique chez David Sauv\u00e9 LLP (cabinet sp\u00e9cialis\u00e9 dans les litiges immobiliers).<\/p>\n<p>Depuis plus de 25 ans, S\u00e9bastien parcourt le monde pour rencontrer des entrepreneurs, des universitaires et des investisseurs. Fascin\u00e9 par le processus de cr\u00e9ation de valeur \u00e0 fort impact, il s'est lanc\u00e9 au fil des ans dans un voyage de d\u00e9couverte du monde de l'entrepreneuriat et de l'investissement. Les connaissances acquises et les r\u00e9seaux exclusifs d\u00e9velopp\u00e9s sont particuli\u00e8rement pertinents \u00e0 l'heure o\u00f9 nous assistons \u00e0 l'\u00e9mergence de l'intelligence artificielle, de la science des donn\u00e9es et au repositionnement g\u00e9opolitique de certaines \u00e9conomies.<\/p>\n<p>Plus pr\u00e9cis\u00e9ment, au fil des ans, S\u00e9bastien a acquis une expertise pratique dans le domaine des affaires au Moyen-Orient, dans les \u00e9cosyst\u00e8mes de s\u00e9curit\u00e9 alimentaire (production, transformation, distribution et s\u00e9curit\u00e9 de l'eau), dans les technologies du sport et du divertissement, ainsi que dans l'externalisation des processus m\u00e9tier pour les institutions financi\u00e8res et les compagnies d'assurance. Il s'est \u00e9galement int\u00e9ress\u00e9 au branding et au marketing en tant que moteurs de croissance.<\/p>\n<p>Auparavant, S\u00e9bastien a d\u00e9velopp\u00e9 une entreprise sp\u00e9cialis\u00e9e dans l'externalisation des processus m\u00e9tier pour les pr\u00eateurs \u00e0 la consommation et commerciaux (fintech et legal tech). En 13 ans, l'entreprise est devenue un leader national dans son domaine, avec des bureaux dans 9 provinces canadiennes, au service d'une client\u00e8le compos\u00e9e principalement de pr\u00eateurs et d'institutions financi\u00e8res.<\/p>\n<p>En raison de son engagement de longue date en faveur de l'am\u00e9lioration de la place des femmes dans les postes de direction, S\u00e9bastien a \u00e9t\u00e9 nomm\u00e9 partenaire du Denim Club, un groupe de pairs He for She soutenant le G100, Mission Million (Groupe des 100 femmes leaders), pour le cluster Agtech (www.g100.in).<\/p>\n<p>Il est ancien membre de l'Entrepreneur Organization. Il soutient l'entrepreneuriat et les arts par son engagement personnel et ses dons.<\/p>\n<p>Il si\u00e8ge au conseil d'administration de l'Ensemble Contemporain de Montr\u00e9al (ECM+), de Danse Danse et du Cube Montr\u00e9al.<\/p>\n<p>Avec le groupe CopperMane, S\u00e9bastien poursuit son exploration \u00e0 travers des investissements et le partage d'exp\u00e9rience avec ses partenaires et ses clients.<\/p><div id=\"fws_69e14e6a8f719\" data-midnight=\"\" data-column-margin=\"default\" class=\"wpb_row vc_row-fluid vc_row inner_row\"  style=\"\"><div class=\"row-bg-wrap\"> <div class=\"row-bg\" ><\/div> <\/div><div class=\"row_col_wrap_12_inner col span_12  left\">\n\t<div  class=\"vc_col-sm-12 wpb_column column_container vc_column_container col child_column has-animation no-extra-padding inherit_tablet inherit_phone\"   data-padding-pos=\"all\" data-has-bg-color=\"false\" data-bg-color=\"\" data-bg-opacity=\"1\" data-animation=\"fade-in-from-bottom\" data-delay=\"300\" >\n\t\t<div class=\"vc_column-inner\" >\n\t\t<div class=\"wpb_wrapper\">\n\t\t\t<div class=\"nectar_icon_wrap\" data-style=\"default\" data-padding=\"20px\" data-color=\"extra-color-3\" style=\"margin-left: -20px; \" >\n\t\t<div class=\"nectar_icon\" ><a href=\"https:\/\/www.linkedin.com\/in\/s%C3%A9bastien-leblond-0299855\/\" target=\"_blank\"><\/a><span class=\"im-icon-wrap\" data-color=\"extra-color-3\" style=\"height: 37px; width: 37px;\"><span><svg role=\"presentation\" version=\"1.1\" xmlns=\"http:\/\/www.w3.org\/2000\/svg\" width=\"37\" height=\"37\" viewbox=\"0 0 39 32\">\n        <path d=\"M10.695 10.687h-6.667c-0.368 0-0.667 0.299-0.667 0.667v20c0 0.368 0.299 0.667 0.667 0.667h6.667c0.368 0 0.667-0.299 0.667-0.667v-20c0-0.369-0.299-0.667-0.667-0.667zM10.028 30.687h-5.333v-18.667h5.333v18.667zM7.636-0.020c-2.357 0-4.275 1.941-4.275 4.328 0 2.388 1.917 4.329 4.275 4.329s4.275-1.943 4.275-4.329c0-2.387-1.917-4.328-4.275-4.328zM7.636 7.305c-1.621 0-2.941-1.344-2.941-2.996 0-1.651 1.32-2.995 2.941-2.995 1.623 0 2.941 1.344 2.941 2.995 0 1.652-1.319 2.996-2.941 2.996zM27.361 10.545c-3.251 0-5.463 0.8-6.667 1.401v-0.593c0-0.368-0.299-0.667-0.667-0.667h-5.333c-0.368 0-0.667 0.299-0.667 0.667v20c0 0.368 0.299 0.667 0.667 0.667h5.333c0.368 0 0.667-0.299 0.667-0.667v-10.984c0-1.713 1.76-2.995 3.333-2.995s3.333 1.281 3.333 2.995v10.984c0 0.368 0.299 0.667 0.667 0.667h6.667c0.368 0 0.667-0.299 0.667-0.667v-12.815c0-4.408-3.588-7.993-8-7.993zM34.028 30.687h-5.333v-10.317c0-2.305-2.181-4.328-4.667-4.328s-4.667 2.023-4.667 4.328v10.317h-4v-18.667h4v1.1c0 0.255 0.145 0.485 0.375 0.597 0.231 0.115 0.504 0.083 0.703-0.073 0.023-0.017 2.327-1.765 6.921-1.765 3.676 0 6.667 2.987 6.667 6.659v12.149z\"><\/path>\n        <\/svg><\/span><\/span><\/div>\n\t<\/div>\n\t\t<\/div> \n\t<\/div>\n\t<\/div> \n<\/div><\/div>\n\t\t\t<\/div> \n\t\t<\/div>\n\t<\/div> \n<\/div><\/div>","protected":false},"excerpt":{"rendered":"Sebastien LeblondBusiness Lawyer, Entrepreneur in Residence, Strategic Advisory and International Development (Montreal, Canada &amp; Abu Dhabi, UAE) S\u00e9bastien is a creative entrepreneur and a business lawyer on a mission to...","protected":false},"author":2,"featured_media":0,"parent":0,"menu_order":0,"comment_status":"closed","ping_status":"closed","template":"","meta":{"footnotes":""},"class_list":["post-6617","page","type-page","status-publish"],"_links":{"self":[{"href":"https:\/\/coppermaneadvisory.com\/fr\/wp-json\/wp\/v2\/pages\/6617","targetHints":{"allow":["GET"]}}],"collection":[{"href":"https:\/\/coppermaneadvisory.com\/fr\/wp-json\/wp\/v2\/pages"}],"about":[{"href":"https:\/\/coppermaneadvisory.com\/fr\/wp-json\/wp\/v2\/types\/page"}],"author":[{"embeddable":true,"href":"https:\/\/coppermaneadvisory.com\/fr\/wp-json\/wp\/v2\/users\/2"}],"replies":[{"embeddable":true,"href":"https:\/\/coppermaneadvisory.com\/fr\/wp-json\/wp\/v2\/comments?post=6617"}],"version-history":[{"count":31,"href":"https:\/\/coppermaneadvisory.com\/fr\/wp-json\/wp\/v2\/pages\/6617\/revisions"}],"predecessor-version":[{"id":6654,"href":"https:\/\/coppermaneadvisory.com\/fr\/wp-json\/wp\/v2\/pages\/6617\/revisions\/6654"}],"wp:attachment":[{"href":"https:\/\/coppermaneadvisory.com\/fr\/wp-json\/wp\/v2\/media?parent=6617"}],"curies":[{"name":"wp","href":"https:\/\/api.w.org\/{rel}","templated":true}]}}