{"id":6666,"date":"2025-10-02T02:03:45","date_gmt":"2025-10-02T02:03:45","guid":{"rendered":"https:\/\/coppermaneadvisory.com\/?page_id=6666"},"modified":"2025-10-02T02:04:52","modified_gmt":"2025-10-02T02:04:52","slug":"guillaume-germain","status":"publish","type":"page","link":"https:\/\/coppermaneadvisory.com\/fr\/guillaume-germain\/","title":{"rendered":"Guillaume Germain"},"content":{"rendered":"<div id=\"expertise\"  data-column-margin=\"default\" data-midnight=\"light\" data-top-percent=\"9%\" data-bottom-percent=\"5%\"  class=\"wpb_row vc_row-fluid vc_row full-width-section vc_row-o-equal-height vc_row-flex vc_row-o-content-bottom parallax_section\"  style=\"padding-top: calc(100vw * 0.09); padding-bottom: calc(100vw * 0.05); \"><div class=\"row-bg-wrap\" data-bg-animation=\"fade-in\" data-bg-animation-delay=\"\" data-bg-overlay=\"false\"><div class=\"inner-wrap row-bg-layer\" style=\"background-color: #0f2432;\" ><div class=\"row-bg viewport-desktop using-bg-color\" data-parallax-speed=\"fixed\" style=\"background-color: #0f2432; \"><\/div><\/div><\/div><div class=\"row_col_wrap_12 col span_12 light left\">\n\t<div  class=\"vc_col-sm-12 wpb_column column_container vc_column_container col no-extra-padding inherit_tablet inherit_phone\"  data-padding-pos=\"all\" data-has-bg-color=\"false\" data-bg-color=\"\" data-bg-opacity=\"1\" data-animation=\"\" data-delay=\"0\" >\n\t\t<div class=\"vc_column-inner\" >\n\t\t\t<div class=\"wpb_wrapper\">\n\t\t\t\t<div id=\"fws_69e14de05d907\" data-midnight=\"\" data-column-margin=\"default\" class=\"wpb_row vc_row-fluid vc_row inner_row\"  style=\"\"><div class=\"row-bg-wrap\"> <div class=\"row-bg\" ><\/div> <\/div><div class=\"row_col_wrap_12_inner col span_12  left\">\n\t<div  class=\"vc_col-sm-12 wpb_column column_container vc_column_container col child_column centered-text no-extra-padding inherit_tablet inherit_phone\"   data-padding-pos=\"all\" data-has-bg-color=\"false\" data-bg-color=\"\" data-bg-opacity=\"1\" data-animation=\"\" data-delay=\"0\" >\n\t\t<div class=\"vc_column-inner\" >\n\t\t<div class=\"wpb_wrapper\">\n\t\t\t<div class=\"nectar-split-heading  font_size_3vw\" data-align=\"center\" data-m-align=\"inherit\" data-text-effect=\"letter-reveal-bottom\" data-animation-type=\"line-reveal-by-space\" data-animation-delay=\"0\" data-animation-offset=\"\" data-m-rm-animation=\"\" data-stagger=\"true\" data-custom-font-size=\"true\" style=\"font-size: 3vw; line-height: 3.3vw;\"><h2 >Guillaume Germain<\/h2><\/div><div class=\"divider-wrap\" data-alignment=\"default\"><div style=\"padding-top: 20px; padding-bottom: 20px;\"  class=\"divider-vertical nectar-bg-white\"><\/div><\/div><div class=\"nectar-split-heading\" data-align=\"center\" data-m-align=\"inherit\" data-text-effect=\"letter-reveal-bottom\" data-animation-type=\"line-reveal-by-space\" data-animation-delay=\"0\" data-animation-offset=\"\" data-m-rm-animation=\"\" data-stagger=\"true\" data-custom-font-size=\"false\" ><h4 >Consultant, expert en marketing et conception graphique, entrepreneur en r\u00e9sidence<\/h4><\/div>\n\t\t<\/div> \n\t<\/div>\n\t<\/div> \n<\/div><\/div>\n\t\t\t<\/div> \n\t\t<\/div>\n\t<\/div> \n<\/div><\/div>\n\t\t<div id=\"fws_69e14de05e82e\"  data-column-margin=\"default\" data-midnight=\"dark\" data-top-percent=\"10%\" data-bottom-percent=\"10%\"  class=\"wpb_row vc_row-fluid vc_row full-width-section  reverse_columns_desktop\"  style=\"padding-top: calc(100vw * 0.10); padding-bottom: calc(100vw * 0.10); \"><div class=\"row-bg-wrap\" data-bg-animation=\"none\" data-bg-animation-delay=\"\" data-bg-overlay=\"false\"><div class=\"inner-wrap row-bg-layer\" ><div class=\"row-bg viewport-desktop\"  style=\"\"><\/div><\/div><\/div><div class=\"row_col_wrap_12 col span_12 dark left\">\n\t<div  class=\"vc_col-sm-6 wpb_column column_container vc_column_container col nectar-sticky-column-css--middle nectar-sticky-column-css no-extra-padding padding-5-percent_tablet inherit_phone\"  data-padding-pos=\"left-right\" data-has-bg-color=\"false\" data-bg-color=\"\" data-bg-opacity=\"1\" data-animation=\"\" data-delay=\"0\" >\n\t\t<div class=\"n-sticky\"><div class=\"vc_column-inner\" >\n\t\t\t<div class=\"wpb_wrapper\">\n\t\t\t\t<div class=\"img-with-aniamtion-wrap center\" data-max-width=\"100%\" data-max-width-mobile=\"default\" data-shadow=\"none\" data-animation=\"none\" >\n      <div class=\"inner\">\n        <div class=\"hover-wrap\"> \n          <div class=\"hover-wrap-inner\">\n            <img loading=\"lazy\" decoding=\"async\" class=\"img-with-animation skip-lazy\" data-delay=\"0\" height=\"1878\" width=\"1432\" data-animation=\"none\" src=\"https:\/\/coppermaneadvisory.com\/wp-content\/uploads\/2025\/09\/1.jpg\" alt=\"\" srcset=\"https:\/\/coppermaneadvisory.com\/wp-content\/uploads\/2025\/09\/1.jpg 1432w, https:\/\/coppermaneadvisory.com\/wp-content\/uploads\/2025\/09\/1-229x300.jpg 229w, https:\/\/coppermaneadvisory.com\/wp-content\/uploads\/2025\/09\/1-781x1024.jpg 781w, https:\/\/coppermaneadvisory.com\/wp-content\/uploads\/2025\/09\/1-768x1007.jpg 768w, https:\/\/coppermaneadvisory.com\/wp-content\/uploads\/2025\/09\/1-1171x1536.jpg 1171w, https:\/\/coppermaneadvisory.com\/wp-content\/uploads\/2025\/09\/1-9x12.jpg 9w\" sizes=\"auto, (max-width: 1432px) 100vw, 1432px\" \/>\n          <\/div>\n        <\/div>\n      <\/div>\n    <\/div>\n\t\t\t<\/div> \n\t\t<\/div><\/div>\n\t<\/div> \n\n\t<div  class=\"vc_col-sm-6 wpb_column column_container vc_column_container col no-extra-padding el_spacing_30px padding-5-percent_tablet inherit_phone\"  data-padding-pos=\"all\" data-has-bg-color=\"false\" data-bg-color=\"\" data-bg-opacity=\"1\" data-animation=\"\" data-delay=\"0\" >\n\t\t<div class=\"vc_column-inner\" >\n\t\t\t<div class=\"wpb_wrapper\">\n\t\t\t\t<p style=\"color: #000000;text-align: left\" class=\"vc_custom_heading vc_do_custom_heading vc_custom_1759370606433\" >Guillaume est un entrepreneur autodidacte dont la carri\u00e8re fait le pont entre le design, la technologie, le marketing et les affaires. Ancien \u00e9tudiant en arts au C\u00e9gep du Vieux Montr\u00e9al, qu\u2019il a quitt\u00e9 avant d\u2019obtenir son dipl\u00f4me, Guillaume a lanc\u00e9 sa carri\u00e8re dans le design graphique avant de se tourner vers le d\u00e9veloppement web \u2014 une \u00e9volution qui a pos\u00e9 les bases de son parcours centr\u00e9 sur la cr\u00e9ativit\u00e9, l\u2019innovation et l\u2019entrepreneuriat.<\/p>\n<p>En 2011, il a cofond\u00e9 Monolith\u00ae, une agence de d\u00e9veloppement num\u00e9rique qui est depuis devenue le Monolith Conglomerate, o\u00f9 il occupe le poste de PDG et unique propri\u00e9taire. Aujourd\u2019hui, Monolith s\u2019articule autour de trois divisions :<\/p>\n<p>Monolith Agency : strat\u00e9gie cr\u00e9ative, d\u00e9veloppement web, design et production de contenus visuels.<br \/>\nMonolith Holdings : investissement et gestion de l\u2019immobilier commercial et d\u2019autres actifs.<br \/>\nMonolith Tech : incubation d\u2019applications propri\u00e9taires et de solutions logicielles.<\/p>\n<p>Guillaume est \u00e9galement cofondateur de Les Nettoyeurs White\u2019s, une entreprise de nettoyage \u00e0 sec bas\u00e9e \u00e0 Montr\u00e9al qui a lev\u00e9 3,2 M$ pour construire une installation ultramoderne et ouvrir des boutiques de d\u00e9tail \u00e0 Boucherville. Sous sa direction, l\u2019entreprise se d\u00e9veloppe vers les services de livraison \u00e0 domicile et en entreprise, et lance Maison White\u2019s, une gamme de produits m\u00e9nagers port\u00e9e par son produit phare : le savon \u00e0 lessive Original.<\/p>\n<p>Son influence entrepreneuriale s'\u00e9tend \u00e9galement en tant qu'associ\u00e9 de Classavatar, une application de gestion scolaire utilis\u00e9e par plus de 100 000 utilisateurs dans les \u00e9coles primaires du Qu\u00e9bec. La plateforme est en pleine expansion pour devenir un outil de r\u00e9f\u00e9rence pour les enseignants \u00e0 travers le Canada et, \u00e0 terme, sur les march\u00e9s internationaux.<\/p>\n<p>Dans le monde de l'art num\u00e9rique, Guillaume a \u00e9galement fait sensation avec Styllar\u2122, une collection de 10 031 \u0153uvres d'art num\u00e9riques qui s'est vendue en moins de trois heures, g\u00e9n\u00e9rant pr\u00e8s de 100 000 dollars am\u00e9ricains de reventes quotidiennes sur le march\u00e9 secondaire, et atteignant une capitalisation boursi\u00e8re de 8 millions de dollars am\u00e9ricains en l'espace de trois mois.<\/p>\n<p>Aujourd'hui, Guillaume supervise cinq PME (petites et moyennes entreprises) avec une \u00e9quipe de 18 employ\u00e9s et des revenus annuels de 2,5 millions de dollars. Fort de plus de 14 ans d'exp\u00e9rience entrepreneuriale, il a b\u00e2ti des bases solides pour une croissance durable et une expansion internationale.<\/p>\n<p>Bas\u00e9 dans le Vieux-Port de Montr\u00e9al, le Conglom\u00e9rat Monolith refl\u00e8te la vision de Guillaume : construire, soutenir et propulser les entreprises vers un succ\u00e8s durable.<\/p><div id=\"fws_69e14de060261\" data-midnight=\"\" data-column-margin=\"default\" class=\"wpb_row vc_row-fluid vc_row inner_row\"  style=\"\"><div class=\"row-bg-wrap\"> <div class=\"row-bg\" ><\/div> <\/div><div class=\"row_col_wrap_12_inner col span_12  left\">\n\t<div  class=\"vc_col-sm-12 wpb_column column_container vc_column_container col child_column has-animation no-extra-padding inherit_tablet inherit_phone\"   data-padding-pos=\"all\" data-has-bg-color=\"false\" data-bg-color=\"\" data-bg-opacity=\"1\" data-animation=\"fade-in-from-bottom\" data-delay=\"300\" >\n\t\t<div class=\"vc_column-inner\" >\n\t\t<div class=\"wpb_wrapper\">\n\t\t\t<div class=\"nectar_icon_wrap\" data-style=\"default\" data-padding=\"20px\" data-color=\"extra-color-3\" style=\"margin-left: -20px; \" >\n\t\t<div class=\"nectar_icon\" ><a href=\"https:\/\/www.linkedin.com\/in\/ahoodie\/\" target=\"_blank\"><\/a><span class=\"im-icon-wrap\" data-color=\"extra-color-3\" style=\"height: 37px; width: 37px;\"><span><svg role=\"presentation\" version=\"1.1\" xmlns=\"http:\/\/www.w3.org\/2000\/svg\" width=\"37\" height=\"37\" viewbox=\"0 0 39 32\">\n        <path d=\"M10.695 10.687h-6.667c-0.368 0-0.667 0.299-0.667 0.667v20c0 0.368 0.299 0.667 0.667 0.667h6.667c0.368 0 0.667-0.299 0.667-0.667v-20c0-0.369-0.299-0.667-0.667-0.667zM10.028 30.687h-5.333v-18.667h5.333v18.667zM7.636-0.020c-2.357 0-4.275 1.941-4.275 4.328 0 2.388 1.917 4.329 4.275 4.329s4.275-1.943 4.275-4.329c0-2.387-1.917-4.328-4.275-4.328zM7.636 7.305c-1.621 0-2.941-1.344-2.941-2.996 0-1.651 1.32-2.995 2.941-2.995 1.623 0 2.941 1.344 2.941 2.995 0 1.652-1.319 2.996-2.941 2.996zM27.361 10.545c-3.251 0-5.463 0.8-6.667 1.401v-0.593c0-0.368-0.299-0.667-0.667-0.667h-5.333c-0.368 0-0.667 0.299-0.667 0.667v20c0 0.368 0.299 0.667 0.667 0.667h5.333c0.368 0 0.667-0.299 0.667-0.667v-10.984c0-1.713 1.76-2.995 3.333-2.995s3.333 1.281 3.333 2.995v10.984c0 0.368 0.299 0.667 0.667 0.667h6.667c0.368 0 0.667-0.299 0.667-0.667v-12.815c0-4.408-3.588-7.993-8-7.993zM34.028 30.687h-5.333v-10.317c0-2.305-2.181-4.328-4.667-4.328s-4.667 2.023-4.667 4.328v10.317h-4v-18.667h4v1.1c0 0.255 0.145 0.485 0.375 0.597 0.231 0.115 0.504 0.083 0.703-0.073 0.023-0.017 2.327-1.765 6.921-1.765 3.676 0 6.667 2.987 6.667 6.659v12.149z\"><\/path>\n        <\/svg><\/span><\/span><\/div>\n\t<\/div>\n\t\t<\/div> \n\t<\/div>\n\t<\/div> \n<\/div><\/div>\n\t\t\t<\/div> \n\t\t<\/div>\n\t<\/div> \n<\/div><\/div>","protected":false},"excerpt":{"rendered":"Guillaume GermainConsultant, Marketing and Graphic Design Expert, Entrepreneur in Residence Guillaume is a self-made entrepreneur whose career bridges design, technology, marketing, and business. A college dropout who first studied the...","protected":false},"author":2,"featured_media":0,"parent":0,"menu_order":0,"comment_status":"closed","ping_status":"closed","template":"","meta":{"footnotes":""},"class_list":["post-6666","page","type-page","status-publish"],"_links":{"self":[{"href":"https:\/\/coppermaneadvisory.com\/fr\/wp-json\/wp\/v2\/pages\/6666","targetHints":{"allow":["GET"]}}],"collection":[{"href":"https:\/\/coppermaneadvisory.com\/fr\/wp-json\/wp\/v2\/pages"}],"about":[{"href":"https:\/\/coppermaneadvisory.com\/fr\/wp-json\/wp\/v2\/types\/page"}],"author":[{"embeddable":true,"href":"https:\/\/coppermaneadvisory.com\/fr\/wp-json\/wp\/v2\/users\/2"}],"replies":[{"embeddable":true,"href":"https:\/\/coppermaneadvisory.com\/fr\/wp-json\/wp\/v2\/comments?post=6666"}],"version-history":[{"count":2,"href":"https:\/\/coppermaneadvisory.com\/fr\/wp-json\/wp\/v2\/pages\/6666\/revisions"}],"predecessor-version":[{"id":6668,"href":"https:\/\/coppermaneadvisory.com\/fr\/wp-json\/wp\/v2\/pages\/6666\/revisions\/6668"}],"wp:attachment":[{"href":"https:\/\/coppermaneadvisory.com\/fr\/wp-json\/wp\/v2\/media?parent=6666"}],"curies":[{"name":"wp","href":"https:\/\/api.w.org\/{rel}","templated":true}]}}