{"id":6669,"date":"2025-10-02T02:10:51","date_gmt":"2025-10-02T02:10:51","guid":{"rendered":"https:\/\/coppermaneadvisory.com\/?page_id=6669"},"modified":"2025-10-02T05:19:52","modified_gmt":"2025-10-02T05:19:52","slug":"eric-david","status":"publish","type":"page","link":"https:\/\/coppermaneadvisory.com\/fr\/eric-david\/","title":{"rendered":"\u00c9ric David"},"content":{"rendered":"<div id=\"expertise\"  data-column-margin=\"default\" data-midnight=\"light\" data-top-percent=\"9%\" data-bottom-percent=\"5%\"  class=\"wpb_row vc_row-fluid vc_row full-width-section vc_row-o-equal-height vc_row-flex vc_row-o-content-bottom parallax_section\"  style=\"padding-top: calc(100vw * 0.09); padding-bottom: calc(100vw * 0.05); \"><div class=\"row-bg-wrap\" data-bg-animation=\"fade-in\" data-bg-animation-delay=\"\" data-bg-overlay=\"false\"><div class=\"inner-wrap row-bg-layer\" style=\"background-color: #0f2432;\" ><div class=\"row-bg viewport-desktop using-bg-color\" data-parallax-speed=\"fixed\" style=\"background-color: #0f2432; \"><\/div><\/div><\/div><div class=\"row_col_wrap_12 col span_12 light left\">\n\t<div  class=\"vc_col-sm-12 wpb_column column_container vc_column_container col no-extra-padding inherit_tablet inherit_phone\"  data-padding-pos=\"all\" data-has-bg-color=\"false\" data-bg-color=\"\" data-bg-opacity=\"1\" data-animation=\"\" data-delay=\"0\" >\n\t\t<div class=\"vc_column-inner\" >\n\t\t\t<div class=\"wpb_wrapper\">\n\t\t\t\t<div id=\"fws_69e14e602b65a\" data-midnight=\"\" data-column-margin=\"default\" class=\"wpb_row vc_row-fluid vc_row inner_row\"  style=\"\"><div class=\"row-bg-wrap\"> <div class=\"row-bg\" ><\/div> <\/div><div class=\"row_col_wrap_12_inner col span_12  left\">\n\t<div  class=\"vc_col-sm-12 wpb_column column_container vc_column_container col child_column centered-text no-extra-padding inherit_tablet inherit_phone\"   data-padding-pos=\"all\" data-has-bg-color=\"false\" data-bg-color=\"\" data-bg-opacity=\"1\" data-animation=\"\" data-delay=\"0\" >\n\t\t<div class=\"vc_column-inner\" >\n\t\t<div class=\"wpb_wrapper\">\n\t\t\t<div class=\"nectar-split-heading  font_size_3vw\" data-align=\"center\" data-m-align=\"inherit\" data-text-effect=\"letter-reveal-bottom\" data-animation-type=\"line-reveal-by-space\" data-animation-delay=\"0\" data-animation-offset=\"\" data-m-rm-animation=\"\" data-stagger=\"true\" data-custom-font-size=\"true\" style=\"font-size: 3vw; line-height: 3.3vw;\"><h2 >\u00c9ric David<\/h2><\/div><div class=\"divider-wrap\" data-alignment=\"default\"><div style=\"padding-top: 20px; padding-bottom: 20px;\"  class=\"divider-vertical nectar-bg-white\"><\/div><\/div><div class=\"nectar-split-heading\" data-align=\"center\" data-m-align=\"inherit\" data-text-effect=\"letter-reveal-bottom\" data-animation-type=\"line-reveal-by-space\" data-animation-delay=\"0\" data-animation-offset=\"\" data-m-rm-animation=\"\" data-stagger=\"true\" data-custom-font-size=\"false\" ><h4 >Conseiller juridique principal, entrepreneur juridique, expert en droit immobilier, municipal et administratif (Montr\u00e9al, Canada)<\/h4><\/div>\n\t\t<\/div> \n\t<\/div>\n\t<\/div> \n<\/div><\/div>\n\t\t\t<\/div> \n\t\t<\/div>\n\t<\/div> \n<\/div><\/div>\n\t\t<div id=\"fws_69e14e602be11\"  data-column-margin=\"default\" data-midnight=\"dark\" data-top-percent=\"10%\" data-bottom-percent=\"10%\"  class=\"wpb_row vc_row-fluid vc_row full-width-section  reverse_columns_desktop\"  style=\"padding-top: calc(100vw * 0.10); padding-bottom: calc(100vw * 0.10); \"><div class=\"row-bg-wrap\" data-bg-animation=\"none\" data-bg-animation-delay=\"\" data-bg-overlay=\"false\"><div class=\"inner-wrap row-bg-layer\" ><div class=\"row-bg viewport-desktop\"  style=\"\"><\/div><\/div><\/div><div class=\"row_col_wrap_12 col span_12 dark left\">\n\t<div  class=\"vc_col-sm-6 wpb_column column_container vc_column_container col nectar-sticky-column-css--middle nectar-sticky-column-css no-extra-padding padding-5-percent_tablet inherit_phone\"  data-padding-pos=\"left-right\" data-has-bg-color=\"false\" data-bg-color=\"\" data-bg-opacity=\"1\" data-animation=\"\" data-delay=\"0\" >\n\t\t<div class=\"n-sticky\"><div class=\"vc_column-inner\" >\n\t\t\t<div class=\"wpb_wrapper\">\n\t\t\t\t<div class=\"img-with-aniamtion-wrap center\" data-max-width=\"100%\" data-max-width-mobile=\"default\" data-shadow=\"none\" data-animation=\"none\" >\n      <div class=\"inner\">\n        <div class=\"hover-wrap\"> \n          <div class=\"hover-wrap-inner\">\n            <img loading=\"lazy\" decoding=\"async\" class=\"img-with-animation skip-lazy\" data-delay=\"0\" height=\"1878\" width=\"1432\" data-animation=\"none\" src=\"https:\/\/coppermaneadvisory.com\/wp-content\/uploads\/2025\/09\/3.jpg\" alt=\"\" srcset=\"https:\/\/coppermaneadvisory.com\/wp-content\/uploads\/2025\/09\/3.jpg 1432w, https:\/\/coppermaneadvisory.com\/wp-content\/uploads\/2025\/09\/3-229x300.jpg 229w, https:\/\/coppermaneadvisory.com\/wp-content\/uploads\/2025\/09\/3-781x1024.jpg 781w, https:\/\/coppermaneadvisory.com\/wp-content\/uploads\/2025\/09\/3-768x1007.jpg 768w, https:\/\/coppermaneadvisory.com\/wp-content\/uploads\/2025\/09\/3-1171x1536.jpg 1171w, https:\/\/coppermaneadvisory.com\/wp-content\/uploads\/2025\/09\/3-9x12.jpg 9w\" sizes=\"auto, (max-width: 1432px) 100vw, 1432px\" \/>\n          <\/div>\n        <\/div>\n      <\/div>\n    <\/div>\n\t\t\t<\/div> \n\t\t<\/div><\/div>\n\t<\/div> \n\n\t<div  class=\"vc_col-sm-6 wpb_column column_container vc_column_container col no-extra-padding el_spacing_30px padding-5-percent_tablet inherit_phone\"  data-padding-pos=\"all\" data-has-bg-color=\"false\" data-bg-color=\"\" data-bg-opacity=\"1\" data-animation=\"\" data-delay=\"0\" >\n\t\t<div class=\"vc_column-inner\" >\n\t\t\t<div class=\"wpb_wrapper\">\n\t\t\t\t<p style=\"color: #000000;text-align: left\" class=\"vc_custom_heading vc_do_custom_heading vc_custom_1759382275354\" >Sa pratique est principalement ax\u00e9e sur le droit municipal, avec une expertise sp\u00e9cifique dans les domaines de l'expropriation et de la fiscalit\u00e9 municipale. \u00c9ric repr\u00e9sente et conseille une client\u00e8le vari\u00e9e, incluant des propri\u00e9taires immobiliers, des entreprises et des organismes publics. Il poss\u00e8de une solide exp\u00e9rience dans la r\u00e9solution de dossiers municipaux complexes et litigieux, notamment les proc\u00e9dures de contestation d'\u00e9valuations fonci\u00e8res.<\/p>\n<p>\u00c9ric a \u00e9galement d\u00e9velopp\u00e9 une pratique fructueuse en litige civil et commercial, avec un accent particulier sur le droit de la construction et le droit immobilier. Son exp\u00e9rience en n\u00e9gociation, m\u00e9diation, arbitrage et toutes les autres m\u00e9thodes de r\u00e8glement extrajudiciaire des diff\u00e9rends enrichit \u00e9galement son approche strat\u00e9gique des litiges civils et commerciaux.<\/p><div id=\"fws_69e14e602ce39\" data-midnight=\"\" data-column-margin=\"default\" class=\"wpb_row vc_row-fluid vc_row inner_row\"  style=\"\"><div class=\"row-bg-wrap\"> <div class=\"row-bg\" ><\/div> <\/div><div class=\"row_col_wrap_12_inner col span_12  left\">\n\t<div  class=\"vc_col-sm-12 wpb_column column_container vc_column_container col child_column has-animation no-extra-padding inherit_tablet inherit_phone\"   data-padding-pos=\"all\" data-has-bg-color=\"false\" data-bg-color=\"\" data-bg-opacity=\"1\" data-animation=\"fade-in-from-bottom\" data-delay=\"300\" >\n\t\t<div class=\"vc_column-inner\" >\n\t\t<div class=\"wpb_wrapper\">\n\t\t\t<div class=\"nectar_icon_wrap\" data-style=\"default\" data-padding=\"20px\" data-color=\"extra-color-3\" style=\"margin-left: -20px; \" >\n\t\t<div class=\"nectar_icon\" ><a href=\"https:\/\/www.linkedin.com\/in\/eric-david-720348b7\/\" target=\"_blank\"><\/a><span class=\"im-icon-wrap\" data-color=\"extra-color-3\" style=\"height: 37px; width: 37px;\"><span><svg role=\"presentation\" version=\"1.1\" xmlns=\"http:\/\/www.w3.org\/2000\/svg\" width=\"37\" height=\"37\" viewbox=\"0 0 39 32\">\n        <path d=\"M10.695 10.687h-6.667c-0.368 0-0.667 0.299-0.667 0.667v20c0 0.368 0.299 0.667 0.667 0.667h6.667c0.368 0 0.667-0.299 0.667-0.667v-20c0-0.369-0.299-0.667-0.667-0.667zM10.028 30.687h-5.333v-18.667h5.333v18.667zM7.636-0.020c-2.357 0-4.275 1.941-4.275 4.328 0 2.388 1.917 4.329 4.275 4.329s4.275-1.943 4.275-4.329c0-2.387-1.917-4.328-4.275-4.328zM7.636 7.305c-1.621 0-2.941-1.344-2.941-2.996 0-1.651 1.32-2.995 2.941-2.995 1.623 0 2.941 1.344 2.941 2.995 0 1.652-1.319 2.996-2.941 2.996zM27.361 10.545c-3.251 0-5.463 0.8-6.667 1.401v-0.593c0-0.368-0.299-0.667-0.667-0.667h-5.333c-0.368 0-0.667 0.299-0.667 0.667v20c0 0.368 0.299 0.667 0.667 0.667h5.333c0.368 0 0.667-0.299 0.667-0.667v-10.984c0-1.713 1.76-2.995 3.333-2.995s3.333 1.281 3.333 2.995v10.984c0 0.368 0.299 0.667 0.667 0.667h6.667c0.368 0 0.667-0.299 0.667-0.667v-12.815c0-4.408-3.588-7.993-8-7.993zM34.028 30.687h-5.333v-10.317c0-2.305-2.181-4.328-4.667-4.328s-4.667 2.023-4.667 4.328v10.317h-4v-18.667h4v1.1c0 0.255 0.145 0.485 0.375 0.597 0.231 0.115 0.504 0.083 0.703-0.073 0.023-0.017 2.327-1.765 6.921-1.765 3.676 0 6.667 2.987 6.667 6.659v12.149z\"><\/path>\n        <\/svg><\/span><\/span><\/div>\n\t<\/div><div class=\"nectar_icon_wrap\" data-style=\"default\" data-padding=\"20px\" data-color=\"extra-color-3\" style=\"margin-left: -20px; \" >\n\t\t<div class=\"nectar_icon\" ><a href=\"https:\/\/davidsauve.ca\/lawyers\/eric-david\/\" target=\"_blank\"><\/a><span class=\"im-icon-wrap\" data-color=\"extra-color-3\" style=\"height: 37px; width: 37px;\"><span><svg role=\"presentation\" version=\"1.1\" xmlns=\"http:\/\/www.w3.org\/2000\/svg\" width=\"37\" height=\"37\" viewbox=\"0 0 32 32\">\n        <path d=\"M29.972 16.639h-28c-0.367 0-0.667-0.3-0.667-0.667s0.3-0.667 0.667-0.667h28c0.367 0 0.667 0.3 0.667 0.667s-0.3 0.667-0.667 0.667zM27.305 7.305h-22.667c-0.367 0-0.667-0.3-0.667-0.667s0.3-0.667 0.667-0.667h22.667c0.367 0 0.667 0.3 0.667 0.667s-0.3 0.667-0.667 0.667zM27.305 25.972h-22.667c-0.367 0-0.667-0.3-0.667-0.667s0.3-0.667 0.667-0.667h22.667c0.367 0 0.667 0.3 0.667 0.667s-0.3 0.667-0.667 0.667zM16 30.695c-0.196 0-0.389-0.085-0.523-0.251-0.229-0.289-0.183-0.707 0.104-0.937 4.567-3.653 7.149-9.152 6.909-14.709-0.219-5.039-2.72-9.515-6.861-12.273-0.307-0.204-0.389-0.617-0.185-0.923 0.201-0.305 0.616-0.391 0.923-0.187 4.5 2.999 7.216 7.859 7.456 13.325 0.257 5.977-2.511 11.889-7.409 15.808-0.12 0.099-0.269 0.147-0.413 0.147zM15.999 30.695c-0.145 0-0.295-0.048-0.417-0.145-4.897-3.917-7.667-9.828-7.407-15.805 0.237-5.471 2.955-10.327 7.453-13.325 0.305-0.201 0.72-0.123 0.924 0.187 0.203 0.305 0.121 0.721-0.187 0.923-4.139 2.759-6.64 7.233-6.859 12.273-0.241 5.557 2.341 11.056 6.908 14.707 0.287 0.233 0.333 0.651 0.104 0.937-0.131 0.164-0.324 0.249-0.52 0.249zM16 31.333c-8.455 0-15.333-6.88-15.333-15.333 0-8.456 6.879-15.333 15.333-15.333 8.453 0 15.333 6.877 15.333 15.333 0 8.453-6.88 15.333-15.333 15.333zM16 2c-7.72 0-14 6.279-14 14 0 7.719 6.28 14 14 14 7.719 0 14-6.281 14-14 0-7.721-6.281-14-14-14z\"><\/path>\n        <\/svg><\/span><\/span><\/div>\n\t<\/div>\n\t\t<\/div> \n\t<\/div>\n\t<\/div> \n<\/div><\/div>\n\t\t\t<\/div> \n\t\t<\/div>\n\t<\/div> \n<\/div><\/div>","protected":false},"excerpt":{"rendered":"\u00c9ric DavidSenior Legal Counsel, Legal Entrepreneur, Real Estate, Municipal and Administrative Law Expert (Montreal, Canada) His practice is primarily focused on municipal law, with specific expertise in matters of expropriation...","protected":false},"author":2,"featured_media":0,"parent":0,"menu_order":0,"comment_status":"closed","ping_status":"closed","template":"","meta":{"footnotes":""},"class_list":["post-6669","page","type-page","status-publish"],"_links":{"self":[{"href":"https:\/\/coppermaneadvisory.com\/fr\/wp-json\/wp\/v2\/pages\/6669","targetHints":{"allow":["GET"]}}],"collection":[{"href":"https:\/\/coppermaneadvisory.com\/fr\/wp-json\/wp\/v2\/pages"}],"about":[{"href":"https:\/\/coppermaneadvisory.com\/fr\/wp-json\/wp\/v2\/types\/page"}],"author":[{"embeddable":true,"href":"https:\/\/coppermaneadvisory.com\/fr\/wp-json\/wp\/v2\/users\/2"}],"replies":[{"embeddable":true,"href":"https:\/\/coppermaneadvisory.com\/fr\/wp-json\/wp\/v2\/comments?post=6669"}],"version-history":[{"count":4,"href":"https:\/\/coppermaneadvisory.com\/fr\/wp-json\/wp\/v2\/pages\/6669\/revisions"}],"predecessor-version":[{"id":6705,"href":"https:\/\/coppermaneadvisory.com\/fr\/wp-json\/wp\/v2\/pages\/6669\/revisions\/6705"}],"wp:attachment":[{"href":"https:\/\/coppermaneadvisory.com\/fr\/wp-json\/wp\/v2\/media?parent=6669"}],"curies":[{"name":"wp","href":"https:\/\/api.w.org\/{rel}","templated":true}]}}