{"id":6680,"date":"2025-10-02T02:21:40","date_gmt":"2025-10-02T02:21:40","guid":{"rendered":"https:\/\/coppermaneadvisory.com\/?page_id=6680"},"modified":"2025-10-02T05:55:53","modified_gmt":"2025-10-02T05:55:53","slug":"louis-dominique-beaudet","status":"publish","type":"page","link":"https:\/\/coppermaneadvisory.com\/fr\/louis-dominique-beaudet\/","title":{"rendered":"Louis-Dominique Beaudet"},"content":{"rendered":"<div id=\"expertise\"  data-column-margin=\"default\" data-midnight=\"light\" data-top-percent=\"9%\" data-bottom-percent=\"5%\"  class=\"wpb_row vc_row-fluid vc_row full-width-section vc_row-o-equal-height vc_row-flex vc_row-o-content-bottom parallax_section\"  style=\"padding-top: calc(100vw * 0.09); padding-bottom: calc(100vw * 0.05); \"><div class=\"row-bg-wrap\" data-bg-animation=\"fade-in\" data-bg-animation-delay=\"\" data-bg-overlay=\"false\"><div class=\"inner-wrap row-bg-layer\" style=\"background-color: #0f2432;\" ><div class=\"row-bg viewport-desktop using-bg-color\" data-parallax-speed=\"fixed\" style=\"background-color: #0f2432; \"><\/div><\/div><\/div><div class=\"row_col_wrap_12 col span_12 light left\">\n\t<div  class=\"vc_col-sm-12 wpb_column column_container vc_column_container col no-extra-padding inherit_tablet inherit_phone\"  data-padding-pos=\"all\" data-has-bg-color=\"false\" data-bg-color=\"\" data-bg-opacity=\"1\" data-animation=\"\" data-delay=\"0\" >\n\t\t<div class=\"vc_column-inner\" >\n\t\t\t<div class=\"wpb_wrapper\">\n\t\t\t\t<div id=\"fws_69e14cc411061\" data-midnight=\"\" data-column-margin=\"default\" class=\"wpb_row vc_row-fluid vc_row inner_row\"  style=\"\"><div class=\"row-bg-wrap\"> <div class=\"row-bg\" ><\/div> <\/div><div class=\"row_col_wrap_12_inner col span_12  left\">\n\t<div  class=\"vc_col-sm-12 wpb_column column_container vc_column_container col child_column centered-text no-extra-padding inherit_tablet inherit_phone\"   data-padding-pos=\"all\" data-has-bg-color=\"false\" data-bg-color=\"\" data-bg-opacity=\"1\" data-animation=\"\" data-delay=\"0\" >\n\t\t<div class=\"vc_column-inner\" >\n\t\t<div class=\"wpb_wrapper\">\n\t\t\t<div class=\"nectar-split-heading  font_size_3vw\" data-align=\"center\" data-m-align=\"inherit\" data-text-effect=\"letter-reveal-bottom\" data-animation-type=\"line-reveal-by-space\" data-animation-delay=\"0\" data-animation-offset=\"\" data-m-rm-animation=\"\" data-stagger=\"true\" data-custom-font-size=\"true\" style=\"font-size: 3vw; line-height: 3.3vw;\"><h2 >Louis-Dominique Beaudet<\/h2><\/div><div class=\"divider-wrap\" data-alignment=\"default\"><div style=\"padding-top: 20px; padding-bottom: 20px;\"  class=\"divider-vertical nectar-bg-white\"><\/div><\/div><div class=\"nectar-split-heading\" data-align=\"center\" data-m-align=\"inherit\" data-text-effect=\"letter-reveal-bottom\" data-animation-type=\"line-reveal-by-space\" data-animation-delay=\"0\" data-animation-offset=\"\" data-m-rm-animation=\"\" data-stagger=\"true\" data-custom-font-size=\"false\" ><h4 >Conseiller juridique principal, expert en conformit\u00e9 bancaire et en droit r\u00e9glementaire<\/h4><\/div>\n\t\t<\/div> \n\t<\/div>\n\t<\/div> \n<\/div><\/div>\n\t\t\t<\/div> \n\t\t<\/div>\n\t<\/div> \n<\/div><\/div>\n\t\t<div id=\"fws_69e14cc411888\"  data-column-margin=\"default\" data-midnight=\"dark\" data-top-percent=\"10%\" data-bottom-percent=\"10%\"  class=\"wpb_row vc_row-fluid vc_row full-width-section  reverse_columns_desktop\"  style=\"padding-top: calc(100vw * 0.10); padding-bottom: calc(100vw * 0.10); \"><div class=\"row-bg-wrap\" data-bg-animation=\"none\" data-bg-animation-delay=\"\" data-bg-overlay=\"false\"><div class=\"inner-wrap row-bg-layer\" ><div class=\"row-bg viewport-desktop\"  style=\"\"><\/div><\/div><\/div><div class=\"row_col_wrap_12 col span_12 dark left\">\n\t<div  class=\"vc_col-sm-6 wpb_column column_container vc_column_container col nectar-sticky-column-css--middle nectar-sticky-column-css no-extra-padding padding-5-percent_tablet inherit_phone\"  data-padding-pos=\"left-right\" data-has-bg-color=\"false\" data-bg-color=\"\" data-bg-opacity=\"1\" data-animation=\"\" data-delay=\"0\" >\n\t\t<div class=\"n-sticky\"><div class=\"vc_column-inner\" >\n\t\t\t<div class=\"wpb_wrapper\">\n\t\t\t\t<div class=\"img-with-aniamtion-wrap center\" data-max-width=\"100%\" data-max-width-mobile=\"default\" data-shadow=\"none\" data-animation=\"none\" >\n      <div class=\"inner\">\n        <div class=\"hover-wrap\"> \n          <div class=\"hover-wrap-inner\">\n            <img loading=\"lazy\" decoding=\"async\" class=\"img-with-animation skip-lazy\" data-delay=\"0\" height=\"1878\" width=\"1432\" data-animation=\"none\" src=\"https:\/\/coppermaneadvisory.com\/wp-content\/uploads\/2025\/09\/8.jpg\" alt=\"\" srcset=\"https:\/\/coppermaneadvisory.com\/wp-content\/uploads\/2025\/09\/8.jpg 1432w, https:\/\/coppermaneadvisory.com\/wp-content\/uploads\/2025\/09\/8-229x300.jpg 229w, https:\/\/coppermaneadvisory.com\/wp-content\/uploads\/2025\/09\/8-781x1024.jpg 781w, https:\/\/coppermaneadvisory.com\/wp-content\/uploads\/2025\/09\/8-768x1007.jpg 768w, https:\/\/coppermaneadvisory.com\/wp-content\/uploads\/2025\/09\/8-1171x1536.jpg 1171w, https:\/\/coppermaneadvisory.com\/wp-content\/uploads\/2025\/09\/8-9x12.jpg 9w\" sizes=\"auto, (max-width: 1432px) 100vw, 1432px\" \/>\n          <\/div>\n        <\/div>\n      <\/div>\n    <\/div>\n\t\t\t<\/div> \n\t\t<\/div><\/div>\n\t<\/div> \n\n\t<div  class=\"vc_col-sm-6 wpb_column column_container vc_column_container col no-extra-padding el_spacing_30px padding-5-percent_tablet inherit_phone\"  data-padding-pos=\"all\" data-has-bg-color=\"false\" data-bg-color=\"\" data-bg-opacity=\"1\" data-animation=\"\" data-delay=\"0\" >\n\t\t<div class=\"vc_column-inner\" >\n\t\t\t<div class=\"wpb_wrapper\">\n\t\t\t\t<p style=\"color: #000000;text-align: left\" class=\"vc_custom_heading vc_do_custom_heading vc_custom_1759371679361\" >Her practice focuses mainly on mergers and acquisitions, venture capital, implementation of optimal corporate structures, real estate development projects and securities.<\/p>\n<p>Isabelle has over 20 years of experience, including five years within large corporations as an executive and in-house counsel, as well as over eight years working for major Canadian law firms. She has acquired solid skills and understanding of various business sectors.<\/p>\n<p>During her career, she has acted as counsel to corporations in acquisitions and divestitures, to property developers in major real estate projects, and to issuers and underwriters in public offerings and private placements. She has also played a key role in facilitating the establishment of a number of foreign companies in Canada.<\/p>\n<p>She graduated in law from the Universit\u00e9 de Montr\u00e9al in 2005, where she was on the Dean's List. Isabelle also holds a degree in psychoeducation from the Universit\u00e9 de Sherbrooke.<\/p><div id=\"fws_69e14cc41284a\" data-midnight=\"\" data-column-margin=\"default\" class=\"wpb_row vc_row-fluid vc_row inner_row\"  style=\"\"><div class=\"row-bg-wrap\"> <div class=\"row-bg\" ><\/div> <\/div><div class=\"row_col_wrap_12_inner col span_12  left\">\n\t<div  class=\"vc_col-sm-12 wpb_column column_container vc_column_container col child_column has-animation no-extra-padding inherit_tablet inherit_phone\"   data-padding-pos=\"all\" data-has-bg-color=\"false\" data-bg-color=\"\" data-bg-opacity=\"1\" data-animation=\"fade-in-from-bottom\" data-delay=\"300\" >\n\t\t<div class=\"vc_column-inner\" >\n\t\t<div class=\"wpb_wrapper\">\n\t\t\t<div class=\"nectar_icon_wrap\" data-style=\"default\" data-padding=\"20px\" data-color=\"extra-color-3\" style=\"margin-left: -20px; \" >\n\t\t<div class=\"nectar_icon\" ><a href=\"https:\/\/www.linkedin.com\/in\/louis-dominique-beaudet-08312a24\/\" target=\"_blank\"><\/a><span class=\"im-icon-wrap\" data-color=\"extra-color-3\" style=\"height: 37px; width: 37px;\"><span><svg role=\"presentation\" version=\"1.1\" xmlns=\"http:\/\/www.w3.org\/2000\/svg\" width=\"37\" height=\"37\" viewbox=\"0 0 39 32\">\n        <path d=\"M10.695 10.687h-6.667c-0.368 0-0.667 0.299-0.667 0.667v20c0 0.368 0.299 0.667 0.667 0.667h6.667c0.368 0 0.667-0.299 0.667-0.667v-20c0-0.369-0.299-0.667-0.667-0.667zM10.028 30.687h-5.333v-18.667h5.333v18.667zM7.636-0.020c-2.357 0-4.275 1.941-4.275 4.328 0 2.388 1.917 4.329 4.275 4.329s4.275-1.943 4.275-4.329c0-2.387-1.917-4.328-4.275-4.328zM7.636 7.305c-1.621 0-2.941-1.344-2.941-2.996 0-1.651 1.32-2.995 2.941-2.995 1.623 0 2.941 1.344 2.941 2.995 0 1.652-1.319 2.996-2.941 2.996zM27.361 10.545c-3.251 0-5.463 0.8-6.667 1.401v-0.593c0-0.368-0.299-0.667-0.667-0.667h-5.333c-0.368 0-0.667 0.299-0.667 0.667v20c0 0.368 0.299 0.667 0.667 0.667h5.333c0.368 0 0.667-0.299 0.667-0.667v-10.984c0-1.713 1.76-2.995 3.333-2.995s3.333 1.281 3.333 2.995v10.984c0 0.368 0.299 0.667 0.667 0.667h6.667c0.368 0 0.667-0.299 0.667-0.667v-12.815c0-4.408-3.588-7.993-8-7.993zM34.028 30.687h-5.333v-10.317c0-2.305-2.181-4.328-4.667-4.328s-4.667 2.023-4.667 4.328v10.317h-4v-18.667h4v1.1c0 0.255 0.145 0.485 0.375 0.597 0.231 0.115 0.504 0.083 0.703-0.073 0.023-0.017 2.327-1.765 6.921-1.765 3.676 0 6.667 2.987 6.667 6.659v12.149z\"><\/path>\n        <\/svg><\/span><\/span><\/div>\n\t<\/div>\n\t\t<\/div> \n\t<\/div>\n\t<\/div> \n<\/div><\/div>\n\t\t\t<\/div> \n\t\t<\/div>\n\t<\/div> \n<\/div><\/div>","protected":false},"excerpt":{"rendered":"Louis-Dominique BeaudetSenior Legal Counsel, Banking Compliance and Regulatory Law Expert Her practice focuses mainly on mergers and acquisitions, venture capital, implementation of optimal corporate structures, real estate development projects and...","protected":false},"author":2,"featured_media":0,"parent":0,"menu_order":0,"comment_status":"closed","ping_status":"closed","template":"","meta":{"footnotes":""},"class_list":["post-6680","page","type-page","status-publish"],"_links":{"self":[{"href":"https:\/\/coppermaneadvisory.com\/fr\/wp-json\/wp\/v2\/pages\/6680","targetHints":{"allow":["GET"]}}],"collection":[{"href":"https:\/\/coppermaneadvisory.com\/fr\/wp-json\/wp\/v2\/pages"}],"about":[{"href":"https:\/\/coppermaneadvisory.com\/fr\/wp-json\/wp\/v2\/types\/page"}],"author":[{"embeddable":true,"href":"https:\/\/coppermaneadvisory.com\/fr\/wp-json\/wp\/v2\/users\/2"}],"replies":[{"embeddable":true,"href":"https:\/\/coppermaneadvisory.com\/fr\/wp-json\/wp\/v2\/comments?post=6680"}],"version-history":[{"count":4,"href":"https:\/\/coppermaneadvisory.com\/fr\/wp-json\/wp\/v2\/pages\/6680\/revisions"}],"predecessor-version":[{"id":6686,"href":"https:\/\/coppermaneadvisory.com\/fr\/wp-json\/wp\/v2\/pages\/6680\/revisions\/6686"}],"wp:attachment":[{"href":"https:\/\/coppermaneadvisory.com\/fr\/wp-json\/wp\/v2\/media?parent=6680"}],"curies":[{"name":"wp","href":"https:\/\/api.w.org\/{rel}","templated":true}]}}