{"id":6754,"date":"2025-11-08T00:36:43","date_gmt":"2025-11-08T00:36:43","guid":{"rendered":"https:\/\/coppermaneadvisory.com\/?page_id=6754"},"modified":"2025-11-08T00:40:51","modified_gmt":"2025-11-08T00:40:51","slug":"philippe-gauthier","status":"publish","type":"page","link":"https:\/\/coppermaneadvisory.com\/fr\/philippe-gauthier\/","title":{"rendered":"Philippe Gauthier"},"content":{"rendered":"<div id=\"expertise\"  data-column-margin=\"default\" data-midnight=\"light\" data-top-percent=\"9%\" data-bottom-percent=\"5%\"  class=\"wpb_row vc_row-fluid vc_row full-width-section vc_row-o-equal-height vc_row-flex vc_row-o-content-bottom parallax_section\"  style=\"padding-top: calc(100vw * 0.09); padding-bottom: calc(100vw * 0.05); \"><div class=\"row-bg-wrap\" data-bg-animation=\"fade-in\" data-bg-animation-delay=\"\" data-bg-overlay=\"false\"><div class=\"inner-wrap row-bg-layer\" style=\"background-color: #0f2432;\" ><div class=\"row-bg viewport-desktop using-bg-color\" data-parallax-speed=\"fixed\" style=\"background-color: #0f2432; \"><\/div><\/div><\/div><div class=\"row_col_wrap_12 col span_12 light left\">\n\t<div  class=\"vc_col-sm-12 wpb_column column_container vc_column_container col no-extra-padding inherit_tablet inherit_phone\"  data-padding-pos=\"all\" data-has-bg-color=\"false\" data-bg-color=\"\" data-bg-opacity=\"1\" data-animation=\"\" data-delay=\"0\" >\n\t\t<div class=\"vc_column-inner\" >\n\t\t\t<div class=\"wpb_wrapper\">\n\t\t\t\t<div id=\"fws_69e14be206810\" data-midnight=\"\" data-column-margin=\"default\" class=\"wpb_row vc_row-fluid vc_row inner_row\"  style=\"\"><div class=\"row-bg-wrap\"> <div class=\"row-bg\" ><\/div> <\/div><div class=\"row_col_wrap_12_inner col span_12  left\">\n\t<div  class=\"vc_col-sm-12 wpb_column column_container vc_column_container col child_column centered-text no-extra-padding inherit_tablet inherit_phone\"   data-padding-pos=\"all\" data-has-bg-color=\"false\" data-bg-color=\"\" data-bg-opacity=\"1\" data-animation=\"\" data-delay=\"0\" >\n\t\t<div class=\"vc_column-inner\" >\n\t\t<div class=\"wpb_wrapper\">\n\t\t\t<div class=\"nectar-split-heading  font_size_3vw\" data-align=\"center\" data-m-align=\"inherit\" data-text-effect=\"letter-reveal-bottom\" data-animation-type=\"line-reveal-by-space\" data-animation-delay=\"0\" data-animation-offset=\"\" data-m-rm-animation=\"\" data-stagger=\"true\" data-custom-font-size=\"true\" style=\"font-size: 3vw; line-height: 3.3vw;\"><h2 >Philippe Gauthier<\/h2><\/div><div class=\"divider-wrap\" data-alignment=\"default\"><div style=\"padding-top: 20px; padding-bottom: 20px;\"  class=\"divider-vertical nectar-bg-white\"><\/div><\/div><div class=\"nectar-split-heading\" data-align=\"center\" data-m-align=\"inherit\" data-text-effect=\"letter-reveal-bottom\" data-animation-type=\"line-reveal-by-space\" data-animation-delay=\"0\" data-animation-offset=\"\" data-m-rm-animation=\"\" data-stagger=\"true\" data-custom-font-size=\"false\" ><h4 >Entrepreneur, Builder, and Human Capital Strategist<\/h4><\/div>\n\t\t<\/div> \n\t<\/div>\n\t<\/div> \n<\/div><\/div>\n\t\t\t<\/div> \n\t\t<\/div>\n\t<\/div> \n<\/div><\/div>\n\t\t<div id=\"fws_69e14be2077f3\"  data-column-margin=\"default\" data-midnight=\"dark\" data-top-percent=\"10%\" data-bottom-percent=\"10%\"  class=\"wpb_row vc_row-fluid vc_row full-width-section  reverse_columns_desktop\"  style=\"padding-top: calc(100vw * 0.10); padding-bottom: calc(100vw * 0.10); \"><div class=\"row-bg-wrap\" data-bg-animation=\"none\" data-bg-animation-delay=\"\" data-bg-overlay=\"false\"><div class=\"inner-wrap row-bg-layer\" ><div class=\"row-bg viewport-desktop\"  style=\"\"><\/div><\/div><\/div><div class=\"row_col_wrap_12 col span_12 dark left\">\n\t<div  class=\"vc_col-sm-6 wpb_column column_container vc_column_container col nectar-sticky-column-css--middle nectar-sticky-column-css no-extra-padding padding-5-percent_tablet inherit_phone\"  data-padding-pos=\"left-right\" data-has-bg-color=\"false\" data-bg-color=\"\" data-bg-opacity=\"1\" data-animation=\"\" data-delay=\"0\" >\n\t\t<div class=\"n-sticky\"><div class=\"vc_column-inner\" >\n\t\t\t<div class=\"wpb_wrapper\">\n\t\t\t\t<div class=\"img-with-aniamtion-wrap center\" data-max-width=\"100%\" data-max-width-mobile=\"default\" data-shadow=\"none\" data-animation=\"none\" >\n      <div class=\"inner\">\n        <div class=\"hover-wrap\"> \n          <div class=\"hover-wrap-inner\">\n            <img loading=\"lazy\" decoding=\"async\" class=\"img-with-animation skip-lazy\" data-delay=\"0\" height=\"2560\" width=\"1706\" data-animation=\"none\" src=\"https:\/\/coppermaneadvisory.com\/wp-content\/uploads\/2025\/11\/MG_0427.jpg\" alt=\"\" srcset=\"https:\/\/coppermaneadvisory.com\/wp-content\/uploads\/2025\/11\/MG_0427.jpg 1706w, https:\/\/coppermaneadvisory.com\/wp-content\/uploads\/2025\/11\/MG_0427-200x300.jpg 200w, https:\/\/coppermaneadvisory.com\/wp-content\/uploads\/2025\/11\/MG_0427-682x1024.jpg 682w, https:\/\/coppermaneadvisory.com\/wp-content\/uploads\/2025\/11\/MG_0427-768x1152.jpg 768w, https:\/\/coppermaneadvisory.com\/wp-content\/uploads\/2025\/11\/MG_0427-1024x1536.jpg 1024w, https:\/\/coppermaneadvisory.com\/wp-content\/uploads\/2025\/11\/MG_0427-1365x2048.jpg 1365w, https:\/\/coppermaneadvisory.com\/wp-content\/uploads\/2025\/11\/MG_0427-8x12.jpg 8w\" sizes=\"auto, (max-width: 1706px) 100vw, 1706px\" \/>\n          <\/div>\n        <\/div>\n      <\/div>\n    <\/div>\n\t\t\t<\/div> \n\t\t<\/div><\/div>\n\t<\/div> \n\n\t<div  class=\"vc_col-sm-6 wpb_column column_container vc_column_container col no-extra-padding el_spacing_30px padding-5-percent_tablet inherit_phone\"  data-padding-pos=\"all\" data-has-bg-color=\"false\" data-bg-color=\"\" data-bg-opacity=\"1\" data-animation=\"\" data-delay=\"0\" >\n\t\t<div class=\"vc_column-inner\" >\n\t\t\t<div class=\"wpb_wrapper\">\n\t\t\t\t<p style=\"color: #000000;text-align: left\" class=\"vc_custom_heading vc_do_custom_heading vc_custom_1762562156349\" >Philippe est un entrepreneur visionnaire et un b\u00e2tisseur d\u2019\u00e9cosyst\u00e8mes humains. Fondateur et pr\u00e9sident de Buildup Recrutement, la firme #1 au Qu\u00e9bec sp\u00e9cialis\u00e9e dans l\u2019\u00e9cosyst\u00e8me de la construction et de l\u2019immobilier, il a consacr\u00e9 sa carri\u00e8re \u00e0 revaloriser les m\u00e9tiers, structurer les talents et propulser les organisations qui b\u00e2tissent le territoire.<\/p>\n<p>Sous sa direction, Buildup est devenue une r\u00e9f\u00e9rence pancanadienne en recrutement strat\u00e9gique, accompagnant les acteurs les plus influents du secteur dans leurs strat\u00e9gies de croissance et de transformation organisationnelle.<\/p>\n<p>Reconnu comme l\u2019un des cr\u00e9ateurs de contenu les plus influents au Qu\u00e9bec, Philippe rallie plus de 55 000 abonn\u00e9s sur LinkedIn et g\u00e9n\u00e8re plus de 3 millions d\u2019impressions par mois, utilisant sa plateforme pour stimuler la r\u00e9flexion sur le leadership, la raret\u00e9 de main-d\u2019\u0153uvre et l\u2019avenir des m\u00e9tiers sp\u00e9cialis\u00e9s.<\/p>\n<p>Gr\u00e2ce \u00e0 son travail de terrain et \u00e0 ses initiatives de mobilisation, Philippe a b\u00e2ti l\u2019un des plus vastes r\u00e9seaux d\u2019affaires du Qu\u00e9bec dans les secteurs de la construction et de l\u2019immobilier, regroupant dirigeants, investisseurs, d\u00e9veloppeurs et entrepreneurs autour d\u2019une vision commune : b\u00e2tir mieux et plus durablement.<\/p>\n<p>Avant de fonder Buildup, il a occup\u00e9 des postes de direction en vente, marketing et d\u00e9veloppement d\u2019affaires chez AutoTrader, La T\u00eate Chercheuse et Go Cube.<br \/>\nIl est \u00e9galement cofondateur de LifeStyle Coworking, le plus grand espace de coworking au Canada d\u00e9di\u00e9 \u00e0 l\u2019esth\u00e9tique et \u00e0 la sant\u00e9, rassemblant des centaines de professionnels et d\u2019entreprises sous un m\u00eame toit.<\/p>\n<p>Cofondateur de l\u2019Association des firmes de recrutement du Qu\u00e9bec (AFRQ) et du Collectif \u201cEnsemble pour la Construction (EPC)\u201d, un r\u00e9seau exclusif de dirigeants et d\u00e9cideurs de l\u2019industrie, Philippe agit comme catalyseur d\u2019innovation, de collaboration et de croissance \u00e0 travers l\u2019\u00e9cosyst\u00e8me.<\/p>\n<p>Entrepreneur et investisseur \u00e0 impact, il croit que la r\u00e9ussite durable repose sur des \u00e9quipes fortes, un leadership clair et une ex\u00e9cution disciplin\u00e9e.<\/p>\n<p>Avec CopperMane Advisory, Philippe met \u00e0 profit son exp\u00e9rience de croissance rapide, sa compr\u00e9hension du capital humain et son r\u00e9seau strat\u00e9gique pour accompagner les entrepreneurs et dirigeants qui souhaitent transformer leur vision en performance durable.<\/p>\n\t\t\t<\/div> \n\t\t<\/div>\n\t<\/div> \n<\/div><\/div>","protected":false},"excerpt":{"rendered":"Philippe GauthierEntrepreneur, Builder, and Human Capital Strategist Philippe is a visionary entrepreneur and ecosystem builder. As the founder and president of Buildup Recrutement\u2014recognized as the #1 recruitment firm in Qu\u00e9bec...","protected":false},"author":2,"featured_media":0,"parent":0,"menu_order":0,"comment_status":"closed","ping_status":"closed","template":"","meta":{"footnotes":""},"class_list":["post-6754","page","type-page","status-publish"],"_links":{"self":[{"href":"https:\/\/coppermaneadvisory.com\/fr\/wp-json\/wp\/v2\/pages\/6754","targetHints":{"allow":["GET"]}}],"collection":[{"href":"https:\/\/coppermaneadvisory.com\/fr\/wp-json\/wp\/v2\/pages"}],"about":[{"href":"https:\/\/coppermaneadvisory.com\/fr\/wp-json\/wp\/v2\/types\/page"}],"author":[{"embeddable":true,"href":"https:\/\/coppermaneadvisory.com\/fr\/wp-json\/wp\/v2\/users\/2"}],"replies":[{"embeddable":true,"href":"https:\/\/coppermaneadvisory.com\/fr\/wp-json\/wp\/v2\/comments?post=6754"}],"version-history":[{"count":5,"href":"https:\/\/coppermaneadvisory.com\/fr\/wp-json\/wp\/v2\/pages\/6754\/revisions"}],"predecessor-version":[{"id":6758,"href":"https:\/\/coppermaneadvisory.com\/fr\/wp-json\/wp\/v2\/pages\/6754\/revisions\/6758"}],"wp:attachment":[{"href":"https:\/\/coppermaneadvisory.com\/fr\/wp-json\/wp\/v2\/media?parent=6754"}],"curies":[{"name":"wp","href":"https:\/\/api.w.org\/{rel}","templated":true}]}}